{"id":459,"date":"2019-03-27T12:55:45","date_gmt":"2019-03-27T12:55:45","guid":{"rendered":"http:\/\/grupavertico.pl\/?page_id=459"},"modified":"2021-08-18T09:31:33","modified_gmt":"2021-08-18T09:31:33","slug":"czesci-zamienne","status":"publish","type":"page","link":"https:\/\/grupavertico.pl\/?page_id=459","title":{"rendered":"Cz\u0119\u015bci zamienne"},"content":{"rendered":"\t\t<div data-elementor-type=\"wp-post\" data-elementor-id=\"459\" class=\"elementor elementor-459\">\n\t\t\t\t\t\t<section class=\"elementor-section elementor-top-section elementor-element elementor-element-f367a99 elementor-section-boxed elementor-section-height-default elementor-section-height-default\" data-id=\"f367a99\" data-element_type=\"section\" data-e-type=\"section\">\n\t\t\t\t\t\t<div class=\"elementor-container elementor-column-gap-default\">\n\t\t\t\t\t<div class=\"elementor-column elementor-col-100 elementor-top-column elementor-element elementor-element-a849d42\" data-id=\"a849d42\" data-element_type=\"column\" data-e-type=\"column\">\n\t\t\t<div class=\"elementor-widget-wrap elementor-element-populated\">\n\t\t\t\t\t\t<div class=\"elementor-element elementor-element-c040d13 elementor-widget elementor-widget-text-editor\" data-id=\"c040d13\" data-element_type=\"widget\" data-e-type=\"widget\" data-widget_type=\"text-editor.default\">\n\t\t\t\t<div class=\"elementor-widget-container\">\n\t\t\t\t\t\t\t\t\t<p style=\"text-align: center;\"><span style=\"color: #000000;\">Oferujemy sprzeda\u017c cz\u0119\u015bci zamiennych pochodz\u0105cych wy\u0142\u0105cznie z sieci dystrybucyjnej ASO BMW<\/span><\/p>\t\t\t\t\t\t\t\t<\/div>\n\t\t\t\t<\/div>\n\t\t\t\t\t<\/div>\n\t\t<\/div>\n\t\t\t\t\t<\/div>\n\t\t<\/section>\n\t\t\t\t<\/div>\n\t\t","protected":false},"excerpt":{"rendered":"<p>Oferujemy sprzeda\u017c cz\u0119\u015bci zamiennych pochodz\u0105cych wy\u0142\u0105cznie z sieci dystrybucyjnej ASO BMW<\/p>\n","protected":false},"author":1,"featured_media":462,"parent":0,"menu_order":0,"comment_status":"closed","ping_status":"closed","template":"","meta":{"footnotes":""},"class_list":["post-459","page","type-page","status-publish","has-post-thumbnail","hentry"],"aioseo_notices":[],"_links":{"self":[{"href":"https:\/\/grupavertico.pl\/index.php?rest_route=\/wp\/v2\/pages\/459"}],"collection":[{"href":"https:\/\/grupavertico.pl\/index.php?rest_route=\/wp\/v2\/pages"}],"about":[{"href":"https:\/\/grupavertico.pl\/index.php?rest_route=\/wp\/v2\/types\/page"}],"author":[{"embeddable":true,"href":"https:\/\/grupavertico.pl\/index.php?rest_route=\/wp\/v2\/users\/1"}],"replies":[{"embeddable":true,"href":"https:\/\/grupavertico.pl\/index.php?rest_route=%2Fwp%2Fv2%2Fcomments&post=459"}],"version-history":[{"count":8,"href":"https:\/\/grupavertico.pl\/index.php?rest_route=\/wp\/v2\/pages\/459\/revisions"}],"predecessor-version":[{"id":668,"href":"https:\/\/grupavertico.pl\/index.php?rest_route=\/wp\/v2\/pages\/459\/revisions\/668"}],"wp:featuredmedia":[{"embeddable":true,"href":"https:\/\/grupavertico.pl\/index.php?rest_route=\/wp\/v2\/media\/462"}],"wp:attachment":[{"href":"https:\/\/grupavertico.pl\/index.php?rest_route=%2Fwp%2Fv2%2Fmedia&parent=459"}],"curies":[{"name":"wp","href":"https:\/\/api.w.org\/{rel}","templated":true}]}}