{"id":405,"date":"2019-03-26T22:33:45","date_gmt":"2019-03-26T22:33:45","guid":{"rendered":"http:\/\/grupavertico.pl\/?page_id=405"},"modified":"2021-01-07T18:40:37","modified_gmt":"2021-01-07T18:40:37","slug":"elektronika-mini","status":"publish","type":"page","link":"https:\/\/grupavertico.pl\/?page_id=405","title":{"rendered":"Elektronika Mini"},"content":{"rendered":"\t\t<div data-elementor-type=\"wp-post\" data-elementor-id=\"405\" class=\"elementor elementor-405\">\n\t\t\t\t\t\t<section class=\"elementor-section elementor-top-section elementor-element elementor-element-6718414 elementor-section-boxed elementor-section-height-default elementor-section-height-default\" data-id=\"6718414\" data-element_type=\"section\" data-e-type=\"section\">\n\t\t\t\t\t\t<div class=\"elementor-container elementor-column-gap-default\">\n\t\t\t\t\t<div class=\"elementor-column elementor-col-50 elementor-top-column elementor-element elementor-element-76b6afe\" data-id=\"76b6afe\" data-element_type=\"column\" data-e-type=\"column\">\n\t\t\t<div class=\"elementor-widget-wrap elementor-element-populated\">\n\t\t\t\t\t\t<div class=\"elementor-element elementor-element-792527f elementor-widget elementor-widget-text-editor\" data-id=\"792527f\" data-element_type=\"widget\" data-e-type=\"widget\" data-widget_type=\"text-editor.default\">\n\t\t\t\t<div class=\"elementor-widget-container\">\n\t\t\t\t\t\t\t\t\t<p>Serdecznie zapraszamy wszystkich fan\u00f3w marki Mini na diagnostyk\u0119 komputerow\u0105, kodowanie lub napraw\u0119. Oferujemy szeroki zakres us\u0142ug min:<\/p><ul><li>diagnostyka komputerowa<\/li><li>naprawa sterownik\u00f3w<\/li><li>kodowanie ukrytych funkcji<\/li><li>doposa\u017cenia np.: czujniki parkowania, nawigacja<\/li><li>wymiana lamp na poliftowe<\/li><li>wymiana nag\u0142o\u015bnienia (harman kardon, logic 7)<\/li><li>naprawa instalacji elektrycznej<\/li><\/ul><p>Do ka\u017cdego samochodu podchodzimy indywidualnie. Specjalizujemy si\u0119 tylko i wy\u0142\u0105cznie w samochodach z grupy BMW<\/p>\t\t\t\t\t\t\t\t<\/div>\n\t\t\t\t<\/div>\n\t\t\t\t\t<\/div>\n\t\t<\/div>\n\t\t\t\t<div class=\"elementor-column elementor-col-50 elementor-top-column elementor-element elementor-element-f29cbdc\" data-id=\"f29cbdc\" data-element_type=\"column\" data-e-type=\"column\">\n\t\t\t<div class=\"elementor-widget-wrap elementor-element-populated\">\n\t\t\t\t\t\t<div class=\"elementor-element elementor-element-6fb6c41 elementor-widget elementor-widget-image\" data-id=\"6fb6c41\" data-element_type=\"widget\" data-e-type=\"widget\" data-widget_type=\"image.default\">\n\t\t\t\t<div class=\"elementor-widget-container\">\n\t\t\t\t\t\t\t\t\t\t\t\t\t\t\t<img fetchpriority=\"high\" decoding=\"async\" width=\"1024\" height=\"462\" src=\"https:\/\/grupavertico.pl\/wp-content\/uploads\/2021\/01\/128802869_206519574374396_5979368969929553949_o-1024x462.jpg\" class=\"attachment-large size-large wp-image-633\" alt=\"\" srcset=\"https:\/\/grupavertico.pl\/wp-content\/uploads\/2021\/01\/128802869_206519574374396_5979368969929553949_o-1024x462.jpg 1024w, https:\/\/grupavertico.pl\/wp-content\/uploads\/2021\/01\/128802869_206519574374396_5979368969929553949_o-300x135.jpg 300w, https:\/\/grupavertico.pl\/wp-content\/uploads\/2021\/01\/128802869_206519574374396_5979368969929553949_o-768x346.jpg 768w, https:\/\/grupavertico.pl\/wp-content\/uploads\/2021\/01\/128802869_206519574374396_5979368969929553949_o-380x171.jpg 380w, https:\/\/grupavertico.pl\/wp-content\/uploads\/2021\/01\/128802869_206519574374396_5979368969929553949_o.jpg 1420w\" sizes=\"(max-width: 1024px) 100vw, 1024px\" \/>\t\t\t\t\t\t\t\t\t\t\t\t\t\t\t<\/div>\n\t\t\t\t<\/div>\n\t\t\t\t\t<\/div>\n\t\t<\/div>\n\t\t\t\t\t<\/div>\n\t\t<\/section>\n\t\t\t\t<\/div>\n\t\t","protected":false},"excerpt":{"rendered":"<p>Serdecznie zapraszamy wszystkich fan\u00f3w marki Mini na diagnostyk\u0119 komputerow\u0105, kodowanie lub napraw\u0119. Oferujemy szeroki zakres us\u0142ug min: diagnostyka komputerowa naprawa sterownik\u00f3w kodowanie ukrytych funkcji doposa\u017cenia np.: czujniki parkowania, nawigacja wymiana lamp na poliftowe wymiana nag\u0142o\u015bnienia (harman kardon, logic 7) naprawa instalacji elektrycznej Do ka\u017cdego samochodu podchodzimy indywidualnie. Specjalizujemy si\u0119 tylko i wy\u0142\u0105cznie w samochodach z [&hellip;]<\/p>\n","protected":false},"author":1,"featured_media":631,"parent":398,"menu_order":0,"comment_status":"closed","ping_status":"closed","template":"","meta":{"footnotes":""},"class_list":["post-405","page","type-page","status-publish","has-post-thumbnail","hentry"],"aioseo_notices":[],"_links":{"self":[{"href":"https:\/\/grupavertico.pl\/index.php?rest_route=\/wp\/v2\/pages\/405"}],"collection":[{"href":"https:\/\/grupavertico.pl\/index.php?rest_route=\/wp\/v2\/pages"}],"about":[{"href":"https:\/\/grupavertico.pl\/index.php?rest_route=\/wp\/v2\/types\/page"}],"author":[{"embeddable":true,"href":"https:\/\/grupavertico.pl\/index.php?rest_route=\/wp\/v2\/users\/1"}],"replies":[{"embeddable":true,"href":"https:\/\/grupavertico.pl\/index.php?rest_route=%2Fwp%2Fv2%2Fcomments&post=405"}],"version-history":[{"count":14,"href":"https:\/\/grupavertico.pl\/index.php?rest_route=\/wp\/v2\/pages\/405\/revisions"}],"predecessor-version":[{"id":636,"href":"https:\/\/grupavertico.pl\/index.php?rest_route=\/wp\/v2\/pages\/405\/revisions\/636"}],"up":[{"embeddable":true,"href":"https:\/\/grupavertico.pl\/index.php?rest_route=\/wp\/v2\/pages\/398"}],"wp:featuredmedia":[{"embeddable":true,"href":"https:\/\/grupavertico.pl\/index.php?rest_route=\/wp\/v2\/media\/631"}],"wp:attachment":[{"href":"https:\/\/grupavertico.pl\/index.php?rest_route=%2Fwp%2Fv2%2Fmedia&parent=405"}],"curies":[{"name":"wp","href":"https:\/\/api.w.org\/{rel}","templated":true}]}}