{"id":247,"date":"2019-03-23T14:54:05","date_gmt":"2019-03-23T14:54:05","guid":{"rendered":"http:\/\/grupavertico.pl\/?page_id=247"},"modified":"2019-03-27T23:08:31","modified_gmt":"2019-03-27T23:08:31","slug":"procedury-odwolawcze","status":"publish","type":"page","link":"https:\/\/grupavertico.pl\/?page_id=247","title":{"rendered":"Procedury odwo\u0142awcze"},"content":{"rendered":"\t\t<div data-elementor-type=\"wp-post\" data-elementor-id=\"247\" class=\"elementor elementor-247\">\n\t\t\t\t\t\t<section class=\"elementor-section elementor-top-section elementor-element elementor-element-87876a2 elementor-section-boxed elementor-section-height-default elementor-section-height-default\" data-id=\"87876a2\" data-element_type=\"section\" data-e-type=\"section\">\n\t\t\t\t\t\t<div class=\"elementor-container elementor-column-gap-default\">\n\t\t\t\t\t<div class=\"elementor-column elementor-col-100 elementor-top-column elementor-element elementor-element-3105d4b\" data-id=\"3105d4b\" data-element_type=\"column\" data-e-type=\"column\">\n\t\t\t<div class=\"elementor-widget-wrap elementor-element-populated\">\n\t\t\t\t\t\t<div class=\"elementor-element elementor-element-51fdcfc elementor-widget elementor-widget-text-editor\" data-id=\"51fdcfc\" data-element_type=\"widget\" data-e-type=\"widget\" data-widget_type=\"text-editor.default\">\n\t\t\t\t<div class=\"elementor-widget-container\">\n\t\t\t\t\t\t\t\t\t<p><span style=\"color: #000000;\"><b>Prowadzenie post\u0119powa\u0144 w zakresie skarg i interwencji <\/b>w sprawach indywidualnych\u00a0wzgl\u0119dem zak\u0142ad\u00f3w ubezpiecze\u0144, Ubezpieczeniowego Funduszu Gwarancyjnego. Udzielanie opinii, porad i konsultacji prawnych oraz wyja\u015bnie\u0144 w zakresie stosowania prawa,\u00a0w zakresie likwidacji szkody i dochodzenia odszkodowania.<br \/><\/span><\/p><p><span style=\"color: #000000;\"><b>Zmiana kwalifikacji szkody<\/b> ca\u0142kowitej na cz\u0119\u015bciow\u0105 oraz zmiana kwalifikacji uszkodzonych\u00a0cz\u0119\u015bci zamiennych zgodnie z technologi\u0105 producenta danej marki.<\/span><\/p><p><span style=\"color: #000000;\"><b>Odwo\u0142ania od stanowiska zak\u0142adu ubezpiecze\u0144 <\/b>-pomniejszenie warto\u015bci cz\u0119\u015bci koniecznych do naprawy (tzw. potr\u0105cenie amortyzacyjne lub merkantylny ubytek warto\u015bci), od wyceny warto\u015bci wraku (pozosta\u0142o\u015bci) pojazdu z AC, rozliczenia szkody z OC jako ca\u0142kowitej, zastosowania w kosztorysie tzw. zamiennik\u00f3w (cz\u0119\u015bci alternatywnych), powodzi &#8211; umowy dobrowolnego ubezpieczenia mieszka\u0144, dom\u00f3w i innych.<\/span><\/p><p><span style=\"color: #000000;\"><b>Wezwania zak\u0142adu ubezpiecze\u0144 do zap\u0142aty odszkodowania<\/b> &#8211; z ubezpieczenia OC komunikacyjnego, odszkodowania z ubezpieczenia autocasco z uwagi na\u00a0zw\u0142ok\u0119 (op\u00f3\u017anienie), pomniejszenie odszkodowania za szkod\u0119 w ubezpieczeniu mienia ruchomego (kradzie\u017c z w\u0142amaniem) maj\u0105tkowego, \u015bwiadczenia z umowy ubezpieczenia NNW m\u0142odzie\u017cy szkolnej, roszczenia ze szkody osobowej i inne.<\/span><\/p>\t\t\t\t\t\t\t\t<\/div>\n\t\t\t\t<\/div>\n\t\t\t\t\t<\/div>\n\t\t<\/div>\n\t\t\t\t\t<\/div>\n\t\t<\/section>\n\t\t\t\t<\/div>\n\t\t","protected":false},"excerpt":{"rendered":"<p>Prowadzenie post\u0119powa\u0144 w zakresie skarg i interwencji w sprawach indywidualnych\u00a0wzgl\u0119dem zak\u0142ad\u00f3w ubezpiecze\u0144, Ubezpieczeniowego Funduszu Gwarancyjnego. Udzielanie opinii, porad i konsultacji prawnych oraz wyja\u015bnie\u0144 w zakresie stosowania prawa,\u00a0w zakresie likwidacji szkody i dochodzenia odszkodowania. Zmiana kwalifikacji szkody ca\u0142kowitej na cz\u0119\u015bciow\u0105 oraz zmiana kwalifikacji uszkodzonych\u00a0cz\u0119\u015bci zamiennych zgodnie z technologi\u0105 producenta danej marki. Odwo\u0142ania od stanowiska zak\u0142adu ubezpiecze\u0144 [&hellip;]<\/p>\n","protected":false},"author":1,"featured_media":503,"parent":0,"menu_order":0,"comment_status":"closed","ping_status":"closed","template":"","meta":{"footnotes":""},"class_list":["post-247","page","type-page","status-publish","has-post-thumbnail","hentry"],"aioseo_notices":[],"_links":{"self":[{"href":"https:\/\/grupavertico.pl\/index.php?rest_route=\/wp\/v2\/pages\/247"}],"collection":[{"href":"https:\/\/grupavertico.pl\/index.php?rest_route=\/wp\/v2\/pages"}],"about":[{"href":"https:\/\/grupavertico.pl\/index.php?rest_route=\/wp\/v2\/types\/page"}],"author":[{"embeddable":true,"href":"https:\/\/grupavertico.pl\/index.php?rest_route=\/wp\/v2\/users\/1"}],"replies":[{"embeddable":true,"href":"https:\/\/grupavertico.pl\/index.php?rest_route=%2Fwp%2Fv2%2Fcomments&post=247"}],"version-history":[{"count":10,"href":"https:\/\/grupavertico.pl\/index.php?rest_route=\/wp\/v2\/pages\/247\/revisions"}],"predecessor-version":[{"id":505,"href":"https:\/\/grupavertico.pl\/index.php?rest_route=\/wp\/v2\/pages\/247\/revisions\/505"}],"wp:featuredmedia":[{"embeddable":true,"href":"https:\/\/grupavertico.pl\/index.php?rest_route=\/wp\/v2\/media\/503"}],"wp:attachment":[{"href":"https:\/\/grupavertico.pl\/index.php?rest_route=%2Fwp%2Fv2%2Fmedia&parent=247"}],"curies":[{"name":"wp","href":"https:\/\/api.w.org\/{rel}","templated":true}]}}