{"id":162,"date":"2021-01-07T19:23:01","date_gmt":"2021-01-07T19:23:01","guid":{"rendered":"http:\/\/grupavertico.pl\/?page_id=162"},"modified":"2021-02-05T16:39:08","modified_gmt":"2021-02-05T16:39:08","slug":"likwidacja-szkod","status":"publish","type":"page","link":"https:\/\/grupavertico.pl\/","title":{"rendered":"Witamy"},"content":{"rendered":"\t\t<div data-elementor-type=\"wp-post\" data-elementor-id=\"162\" class=\"elementor elementor-162\">\n\t\t\t\t\t\t<section class=\"elementor-section elementor-top-section elementor-element elementor-element-dcc81d1 elementor-section-boxed elementor-section-height-default elementor-section-height-default\" data-id=\"dcc81d1\" data-element_type=\"section\" data-e-type=\"section\">\n\t\t\t\t\t\t<div class=\"elementor-container elementor-column-gap-default\">\n\t\t\t\t\t<div class=\"elementor-column elementor-col-100 elementor-top-column elementor-element elementor-element-c1219f2\" data-id=\"c1219f2\" data-element_type=\"column\" data-e-type=\"column\">\n\t\t\t<div class=\"elementor-widget-wrap elementor-element-populated\">\n\t\t\t\t\t\t<div class=\"elementor-element elementor-element-7ccc837 elementor-widget elementor-widget-image\" data-id=\"7ccc837\" data-element_type=\"widget\" data-e-type=\"widget\" data-widget_type=\"image.default\">\n\t\t\t\t<div class=\"elementor-widget-container\">\n\t\t\t\t\t\t\t\t\t\t\t\t\t\t\t<img decoding=\"async\" width=\"83\" height=\"78\" data-src=\"https:\/\/grupavertico.pl\/wp-content\/uploads\/2019\/03\/menulogo.png\" class=\"attachment-large size-large wp-image-192 lazyload\" alt=\"\" src=\"data:image\/svg+xml;base64,PHN2ZyB3aWR0aD0iMSIgaGVpZ2h0PSIxIiB4bWxucz0iaHR0cDovL3d3dy53My5vcmcvMjAwMC9zdmciPjwvc3ZnPg==\" style=\"--smush-placeholder-width: 83px; --smush-placeholder-aspect-ratio: 83\/78;\" \/>\t\t\t\t\t\t\t\t\t\t\t\t\t\t\t<\/div>\n\t\t\t\t<\/div>\n\t\t\t\t<div class=\"elementor-element elementor-element-4db0daa elementor-widget elementor-widget-text-editor\" data-id=\"4db0daa\" data-element_type=\"widget\" data-e-type=\"widget\" data-widget_type=\"text-editor.default\">\n\t\t\t\t<div class=\"elementor-widget-container\">\n\t\t\t\t\t\t\t\t\t<p>Gwarantujemy obs\u0142ug\u0119 w zakresie przeprowadzenia procedur likwidacyjnych ko\u0144cz\u0105cych si\u0119 wyp\u0142at\u0105\u00a0nale\u017cnego odszkodowania. Zatrudniamy wysoko wykwalifikowanych pracownik\u00f3w &#8211; likwidator\u00f3w szk\u00f3d, rzeczoznawc\u00f3w, bieg\u0142ych s\u0105dowych w zakresie techniki motoryzacyjnej i ruchu drogowego,\u00a0kt\u00f3rzy zajmuj\u0105 si\u0119 kompleksow\u0105 obs\u0142ug\u0105. Po\u015bredniczymy w kontaktach mi\u0119dzy towarzystwem\u00a0ubezpieczeniowym,\u00a0 a osobami poszkodowanymi i zak\u0142adem naprawczym gwarantuj\u0105c szybkie i\u00a0owocne zako\u0144czenie procedur. Zajmujemy si\u0119 likwidacj\u0105 szk\u00f3d w zakresie merytorycznym i technicznym szk\u00f3d komunikacyjnych.<\/p>\t\t\t\t\t\t\t\t<\/div>\n\t\t\t\t<\/div>\n\t\t\t\t\t<\/div>\n\t\t<\/div>\n\t\t\t\t\t<\/div>\n\t\t<\/section>\n\t\t\t\t<section class=\"elementor-section elementor-top-section elementor-element elementor-element-6511679 elementor-section-boxed elementor-section-height-default elementor-section-height-default\" data-id=\"6511679\" data-element_type=\"section\" data-e-type=\"section\">\n\t\t\t\t\t\t<div class=\"elementor-container elementor-column-gap-default\">\n\t\t\t\t\t<div class=\"elementor-column elementor-col-100 elementor-top-column elementor-element elementor-element-8e9e32b\" data-id=\"8e9e32b\" data-element_type=\"column\" data-e-type=\"column\">\n\t\t\t<div class=\"elementor-widget-wrap elementor-element-populated\">\n\t\t\t\t\t\t<div class=\"elementor-element elementor-element-b2c484b elementor-widget elementor-widget-text-editor\" data-id=\"b2c484b\" data-element_type=\"widget\" data-e-type=\"widget\" data-widget_type=\"text-editor.default\">\n\t\t\t\t<div class=\"elementor-widget-container\">\n\t\t\t\t\t\t\t\t\tDokonujemy napraw powypadkowych pojazd\u00f3w w formie bezgot\u00f3wkowej przenosz\u0105c na siebie\u00a0ci\u0119\u017car dochodzenia odszkodowania w przypadku niewyp\u0142acenia pe\u0142nej kwoty odszkodowania za napraw\u0119. Nasz Serwis posiada wszystkie certyfikaty standard\u00f3w gwarantuj\u0105cych najwy\u017csz\u0105 jako\u015b\u0107\u00a0wykonania us\u0142ugi i zapewniaj\u0105ce skr\u00f3cenie do minimum okresu naprawy Pa\u0144stwa samochodu.\t\t\t\t\t\t\t\t<\/div>\n\t\t\t\t<\/div>\n\t\t\t\t\t<\/div>\n\t\t<\/div>\n\t\t\t\t\t<\/div>\n\t\t<\/section>\n\t\t\t\t<section class=\"elementor-section elementor-top-section elementor-element elementor-element-df65cb0 elementor-section-boxed elementor-section-height-default elementor-section-height-default\" data-id=\"df65cb0\" data-element_type=\"section\" data-e-type=\"section\">\n\t\t\t\t\t\t<div class=\"elementor-container elementor-column-gap-default\">\n\t\t\t\t\t<div class=\"elementor-column elementor-col-50 elementor-top-column elementor-element elementor-element-dbe5df5\" data-id=\"dbe5df5\" data-element_type=\"column\" data-e-type=\"column\">\n\t\t\t<div class=\"elementor-widget-wrap elementor-element-populated\">\n\t\t\t\t\t\t<div class=\"elementor-element elementor-element-e5e192b elementor-widget elementor-widget-image\" data-id=\"e5e192b\" data-element_type=\"widget\" data-e-type=\"widget\" data-widget_type=\"image.default\">\n\t\t\t\t<div class=\"elementor-widget-container\">\n\t\t\t\t\t\t\t\t\t\t\t\t\t\t\t<img fetchpriority=\"high\" decoding=\"async\" width=\"300\" height=\"187\" src=\"https:\/\/grupavertico.pl\/wp-content\/uploads\/2019\/03\/l2-300x187.png\" class=\"attachment-medium size-medium wp-image-167\" alt=\"\" srcset=\"https:\/\/grupavertico.pl\/wp-content\/uploads\/2019\/03\/l2-300x187.png 300w, https:\/\/grupavertico.pl\/wp-content\/uploads\/2019\/03\/l2.png 500w\" sizes=\"(max-width: 300px) 100vw, 300px\" \/>\t\t\t\t\t\t\t\t\t\t\t\t\t\t\t<\/div>\n\t\t\t\t<\/div>\n\t\t\t\t\t<\/div>\n\t\t<\/div>\n\t\t\t\t<div class=\"elementor-column elementor-col-50 elementor-top-column elementor-element elementor-element-829f4cc\" data-id=\"829f4cc\" data-element_type=\"column\" data-e-type=\"column\">\n\t\t\t<div class=\"elementor-widget-wrap elementor-element-populated\">\n\t\t\t\t\t\t<div class=\"elementor-element elementor-element-5a4069d elementor-widget elementor-widget-image\" data-id=\"5a4069d\" data-element_type=\"widget\" data-e-type=\"widget\" data-widget_type=\"image.default\">\n\t\t\t\t<div class=\"elementor-widget-container\">\n\t\t\t\t\t\t\t\t\t\t\t\t\t\t\t<img decoding=\"async\" width=\"267\" height=\"189\" data-src=\"https:\/\/grupavertico.pl\/wp-content\/uploads\/2019\/03\/l1.png\" class=\"attachment-medium_large size-medium_large wp-image-166 lazyload\" alt=\"\" src=\"data:image\/svg+xml;base64,PHN2ZyB3aWR0aD0iMSIgaGVpZ2h0PSIxIiB4bWxucz0iaHR0cDovL3d3dy53My5vcmcvMjAwMC9zdmciPjwvc3ZnPg==\" style=\"--smush-placeholder-width: 267px; --smush-placeholder-aspect-ratio: 267\/189;\" \/>\t\t\t\t\t\t\t\t\t\t\t\t\t\t\t<\/div>\n\t\t\t\t<\/div>\n\t\t\t\t\t<\/div>\n\t\t<\/div>\n\t\t\t\t\t<\/div>\n\t\t<\/section>\n\t\t\t\t<section class=\"elementor-section elementor-top-section elementor-element elementor-element-cc07633 elementor-section-boxed elementor-section-height-default elementor-section-height-default\" data-id=\"cc07633\" data-element_type=\"section\" data-e-type=\"section\">\n\t\t\t\t\t\t<div class=\"elementor-container elementor-column-gap-default\">\n\t\t\t\t\t<div class=\"elementor-column elementor-col-100 elementor-top-column elementor-element elementor-element-8a4c855\" data-id=\"8a4c855\" data-element_type=\"column\" data-e-type=\"column\">\n\t\t\t<div class=\"elementor-widget-wrap elementor-element-populated\">\n\t\t\t\t\t\t<div class=\"elementor-element elementor-element-6873ae5 elementor-widget elementor-widget-text-editor\" data-id=\"6873ae5\" data-element_type=\"widget\" data-e-type=\"widget\" data-widget_type=\"text-editor.default\">\n\t\t\t\t<div class=\"elementor-widget-container\">\n\t\t\t\t\t\t\t\t\tNasz dzia\u0142 prawny prowadzi post\u0119powania s\u0105dowe w imieniu i na rzecz poszkodowanych przeciwko zak\u0142adom ubezpiecze\u0144 w celu wyegzekwowania nale\u017cnego poszkodowanym odszkodowania. Prowadzimy post\u0119\npowania s\u0105dowe przeciwko zagranicznym zak\u0142adom ubezpiecze\u0144 bez konieczno\u015bci ponoszenia dodatkowych koszt\u00f3w przez poszkodowanych w procesach mi\u0119dzynarodowych.\n\t\t\t\t\t\t\t\t<\/div>\n\t\t\t\t<\/div>\n\t\t\t\t\t<\/div>\n\t\t<\/div>\n\t\t\t\t\t<\/div>\n\t\t<\/section>\n\t\t\t\t<section class=\"elementor-section elementor-top-section elementor-element elementor-element-668bd38 elementor-section-boxed elementor-section-height-default elementor-section-height-default\" data-id=\"668bd38\" data-element_type=\"section\" data-e-type=\"section\">\n\t\t\t\t\t\t<div class=\"elementor-container elementor-column-gap-default\">\n\t\t\t\t\t<div class=\"elementor-column elementor-col-100 elementor-top-column elementor-element elementor-element-cfa474d\" data-id=\"cfa474d\" data-element_type=\"column\" data-e-type=\"column\">\n\t\t\t<div class=\"elementor-widget-wrap elementor-element-populated\">\n\t\t\t\t\t\t<div class=\"elementor-element elementor-element-b1e20e3 elementor-widget elementor-widget-text-editor\" data-id=\"b1e20e3\" data-element_type=\"widget\" data-e-type=\"widget\" data-widget_type=\"text-editor.default\">\n\t\t\t\t<div class=\"elementor-widget-container\">\n\t\t\t\t\t\t\t\t\tDla os\u00f3b poszkodowanych w wypadkach komunikacyjnych nasza Fundacja udziela wsparcia\u00a0psychologicznego, spo\u0142eczno \u2013 prawno dla os\u00f3b niepe\u0142nosprawnych, ich opiekun\u00f3w oraz os\u00f3b zaanga\u017cowanych w proces rehabilitacji spo\u0142ecznej i zawodowej, udzielanie pomocy finansowej,\u00a0rzeczowej i organizacyjnej w leczeniu os\u00f3b, kt\u00f3rych przypadki maj\u0105 charakter szczeg\u00f3lny, w tym r\u00f3wnie\u017c \u015bwiadczenie pomocy osobom poszkodowanym w wypadkach komunikacyjnych w tym doradztwo i reprezentacj\u0119 prawn\u0105 strony pokrzywdzonej.\n\t\t\t\t\t\t\t\t<\/div>\n\t\t\t\t<\/div>\n\t\t\t\t\t<\/div>\n\t\t<\/div>\n\t\t\t\t\t<\/div>\n\t\t<\/section>\n\t\t\t\t<\/div>\n\t\t","protected":false},"excerpt":{"rendered":"<p>Gwarantujemy obs\u0142ug\u0119 w zakresie przeprowadzenia procedur likwidacyjnych ko\u0144cz\u0105cych si\u0119 wyp\u0142at\u0105&nbsp;nale\u017cnego odszkodowania. Zatrudniamy wysoko wykwalifikowanych pracownik\u00f3w &#8211; likwidator\u00f3w szk\u00f3d, rzeczoznawc\u00f3w, bieg\u0142ych s\u0105dowych w zakresie techniki motoryzacyjnej i ruchu drogowego,&nbsp;kt\u00f3rzy zajmuj\u0105 si\u0119 kompleksow\u0105 obs\u0142ug\u0105. Po\u015bredniczymy w kontaktach mi\u0119dzy towarzystwem&nbsp;ubezpieczeniowym,&nbsp; a osobami poszkodowanymi i zak\u0142adem naprawczym gwarantuj\u0105c szybkie i&nbsp;owocne zako\u0144czenie procedur. Zajmujemy si\u0119 likwidacj\u0105 szk\u00f3d w zakresie merytorycznym [&hellip;]<\/p>\n","protected":false},"author":1,"featured_media":359,"parent":0,"menu_order":0,"comment_status":"closed","ping_status":"closed","template":"","meta":{"footnotes":""},"class_list":["post-162","page","type-page","status-publish","has-post-thumbnail","hentry"],"aioseo_notices":[],"_links":{"self":[{"href":"https:\/\/grupavertico.pl\/index.php?rest_route=\/wp\/v2\/pages\/162"}],"collection":[{"href":"https:\/\/grupavertico.pl\/index.php?rest_route=\/wp\/v2\/pages"}],"about":[{"href":"https:\/\/grupavertico.pl\/index.php?rest_route=\/wp\/v2\/types\/page"}],"author":[{"embeddable":true,"href":"https:\/\/grupavertico.pl\/index.php?rest_route=\/wp\/v2\/users\/1"}],"replies":[{"embeddable":true,"href":"https:\/\/grupavertico.pl\/index.php?rest_route=%2Fwp%2Fv2%2Fcomments&post=162"}],"version-history":[{"count":16,"href":"https:\/\/grupavertico.pl\/index.php?rest_route=\/wp\/v2\/pages\/162\/revisions"}],"predecessor-version":[{"id":683,"href":"https:\/\/grupavertico.pl\/index.php?rest_route=\/wp\/v2\/pages\/162\/revisions\/683"}],"wp:featuredmedia":[{"embeddable":true,"href":"https:\/\/grupavertico.pl\/index.php?rest_route=\/wp\/v2\/media\/359"}],"wp:attachment":[{"href":"https:\/\/grupavertico.pl\/index.php?rest_route=%2Fwp%2Fv2%2Fmedia&parent=162"}],"curies":[{"name":"wp","href":"https:\/\/api.w.org\/{rel}","templated":true}]}}