{"id":123,"date":"2019-02-20T14:08:30","date_gmt":"2019-02-20T14:08:30","guid":{"rendered":"http:\/\/grupavertico.pl\/?page_id=123"},"modified":"2021-01-07T19:07:24","modified_gmt":"2021-01-07T19:07:24","slug":"odzyskiwanie-odszkodowan-w-postepowaniu-sadowym-2","status":"publish","type":"page","link":"https:\/\/grupavertico.pl\/?page_id=123","title":{"rendered":"Odzyskiwanie odszkodowa\u0144 w post\u0119powaniu s\u0105dowym"},"content":{"rendered":"\t\t<div data-elementor-type=\"wp-post\" data-elementor-id=\"123\" class=\"elementor elementor-123\">\n\t\t\t\t\t\t<section class=\"elementor-section elementor-top-section elementor-element elementor-element-a9a5f99 elementor-section-boxed elementor-section-height-default elementor-section-height-default\" data-id=\"a9a5f99\" data-element_type=\"section\" data-e-type=\"section\">\n\t\t\t\t\t\t<div class=\"elementor-container elementor-column-gap-default\">\n\t\t\t\t\t<div class=\"elementor-column elementor-col-100 elementor-top-column elementor-element elementor-element-2592dad\" data-id=\"2592dad\" data-element_type=\"column\" data-e-type=\"column\">\n\t\t\t<div class=\"elementor-widget-wrap elementor-element-populated\">\n\t\t\t\t\t\t<div class=\"elementor-element elementor-element-7f1b8f1 elementor-widget elementor-widget-text-editor\" data-id=\"7f1b8f1\" data-element_type=\"widget\" data-e-type=\"widget\" data-widget_type=\"text-editor.default\">\n\t\t\t\t<div class=\"elementor-widget-container\">\n\t\t\t\t\t\t\t\t\t<p class=\"MsoNormal\">\u015awiadczone przez nasz Departament Prawny us\u0142ugi zapewni\u0105 ka\u017cdemu poszkodowanemu profesjonalne przeprowadzenie procesu s\u0105dowego, a w szczeg\u00f3lno\u015bci z naciskiem na jak najbardziej korzystny dla poszkodowanego wariant stanowi\u0105cy o wysoko\u015bci nale\u017cnego odszkodowania.<\/p><p class=\"MsoNormal\">Pozwy w post\u0119powaniu s\u0105dowym :<\/p><ul><li class=\"MsoNormal\">o zap\u0142at\u0119<\/li><li class=\"MsoNormal\">odszkodowanie &#8211; szkoda komunikacyjna<\/li><li class=\"MsoNormal\">maj\u0105tkowa<\/li><li class=\"MsoNormal\">odszkodowania z tytu\u0142u ubezpieczenia odpowiedzialno\u015bci cywilnej zarz\u0105du dr\u00f3g<\/li><li class=\"MsoNormal\">zado\u015b\u0107uczynienie za naruszenie d\u00f3br osobistych utraty wi\u0119zi rodzinnej na podstawie art. 448 w zw. z art. 23 i 24 k.c. (przed wprowadzeniem instytucji zado\u015b\u0107uczynienia po \u015bmierci najbli\u017cszych cz\u0142onk\u00f3w rodziny) i inne.<\/li><\/ul>\t\t\t\t\t\t\t\t<\/div>\n\t\t\t\t<\/div>\n\t\t\t\t\t<\/div>\n\t\t<\/div>\n\t\t\t\t\t<\/div>\n\t\t<\/section>\n\t\t\t\t<section class=\"elementor-section elementor-top-section elementor-element elementor-element-45c986b elementor-section-boxed elementor-section-height-default elementor-section-height-default\" data-id=\"45c986b\" data-element_type=\"section\" data-e-type=\"section\">\n\t\t\t\t\t\t<div class=\"elementor-container elementor-column-gap-default\">\n\t\t\t\t\t<div class=\"elementor-column elementor-col-100 elementor-top-column elementor-element elementor-element-b120bc7\" data-id=\"b120bc7\" data-element_type=\"column\" data-e-type=\"column\">\n\t\t\t<div class=\"elementor-widget-wrap\">\n\t\t\t\t\t\t\t<\/div>\n\t\t<\/div>\n\t\t\t\t\t<\/div>\n\t\t<\/section>\n\t\t\t\t<\/div>\n\t\t","protected":false},"excerpt":{"rendered":"<p>\u015awiadczone przez nasz Departament Prawny us\u0142ugi zapewni\u0105 ka\u017cdemu poszkodowanemu profesjonalne przeprowadzenie procesu s\u0105dowego, a w szczeg\u00f3lno\u015bci z naciskiem na jak najbardziej korzystny dla poszkodowanego wariant stanowi\u0105cy o wysoko\u015bci nale\u017cnego odszkodowania. Pozwy w post\u0119powaniu s\u0105dowym : o zap\u0142at\u0119 odszkodowanie &#8211; szkoda komunikacyjna maj\u0105tkowa odszkodowania z tytu\u0142u ubezpieczenia odpowiedzialno\u015bci cywilnej zarz\u0105du dr\u00f3g zado\u015b\u0107uczynienie za naruszenie d\u00f3br osobistych [&hellip;]<\/p>\n","protected":false},"author":1,"featured_media":649,"parent":0,"menu_order":9,"comment_status":"closed","ping_status":"closed","template":"","meta":{"footnotes":""},"class_list":["post-123","page","type-page","status-publish","has-post-thumbnail","hentry"],"aioseo_notices":[],"_links":{"self":[{"href":"https:\/\/grupavertico.pl\/index.php?rest_route=\/wp\/v2\/pages\/123"}],"collection":[{"href":"https:\/\/grupavertico.pl\/index.php?rest_route=\/wp\/v2\/pages"}],"about":[{"href":"https:\/\/grupavertico.pl\/index.php?rest_route=\/wp\/v2\/types\/page"}],"author":[{"embeddable":true,"href":"https:\/\/grupavertico.pl\/index.php?rest_route=\/wp\/v2\/users\/1"}],"replies":[{"embeddable":true,"href":"https:\/\/grupavertico.pl\/index.php?rest_route=%2Fwp%2Fv2%2Fcomments&post=123"}],"version-history":[{"count":13,"href":"https:\/\/grupavertico.pl\/index.php?rest_route=\/wp\/v2\/pages\/123\/revisions"}],"predecessor-version":[{"id":650,"href":"https:\/\/grupavertico.pl\/index.php?rest_route=\/wp\/v2\/pages\/123\/revisions\/650"}],"wp:featuredmedia":[{"embeddable":true,"href":"https:\/\/grupavertico.pl\/index.php?rest_route=\/wp\/v2\/media\/649"}],"wp:attachment":[{"href":"https:\/\/grupavertico.pl\/index.php?rest_route=%2Fwp%2Fv2%2Fmedia&parent=123"}],"curies":[{"name":"wp","href":"https:\/\/api.w.org\/{rel}","templated":true}]}}