{"id":122,"date":"2019-02-20T14:08:30","date_gmt":"2019-02-20T14:08:30","guid":{"rendered":"http:\/\/grupavertico.pl\/?page_id=122"},"modified":"2019-03-27T23:34:07","modified_gmt":"2019-03-27T23:34:07","slug":"oceny","status":"publish","type":"page","link":"https:\/\/grupavertico.pl\/?page_id=122","title":{"rendered":"Oceny techniczne"},"content":{"rendered":"\t\t<div data-elementor-type=\"wp-post\" data-elementor-id=\"122\" class=\"elementor elementor-122\">\n\t\t\t\t\t\t<section class=\"elementor-section elementor-top-section elementor-element elementor-element-7ee54876 elementor-section-boxed elementor-section-height-default elementor-section-height-default\" data-id=\"7ee54876\" data-element_type=\"section\" data-e-type=\"section\">\n\t\t\t\t\t\t<div class=\"elementor-container elementor-column-gap-default\">\n\t\t\t\t\t<div class=\"elementor-column elementor-col-100 elementor-top-column elementor-element elementor-element-6eb68343\" data-id=\"6eb68343\" data-element_type=\"column\" data-e-type=\"column\">\n\t\t\t<div class=\"elementor-widget-wrap elementor-element-populated\">\n\t\t\t\t\t\t<div class=\"elementor-element elementor-element-593d8ffd elementor-widget elementor-widget-text-editor\" data-id=\"593d8ffd\" data-element_type=\"widget\" data-e-type=\"widget\" data-widget_type=\"text-editor.default\">\n\t\t\t\t<div class=\"elementor-widget-container\">\n\t\t\t\t\t\t\t\t\t<p><span style=\"color: #000000;\">Oceny techniczne &#8211; okre\u015blenie zakresu uszkodze\u0144, kt\u00f3re powsta\u0142y na skutek wypadku lub kolizji , dzi\u0119ki sporz\u0105dzonej do niej kalkulacji programu Audatex i DAT mo\u017ce by\u0107 to baz\u0105 do wyliczenia przez towarzystwo ubezpieczeniowe wysoko\u015bci odszkodowania. R\u00f3wnie\u017c opinie techniczne, w kt\u00f3rych zawarty mo\u017ce by\u0107 dok\u0142adny opis uszkodze\u0144 pojazdu lub jego podzespo\u0142\u00f3w oraz ewentualne podanie lub wykluczenie przyczyny ich powstania.<\/span><\/p>\t\t\t\t\t\t\t\t<\/div>\n\t\t\t\t<\/div>\n\t\t\t\t\t<\/div>\n\t\t<\/div>\n\t\t\t\t\t<\/div>\n\t\t<\/section>\n\t\t\t\t<\/div>\n\t\t","protected":false},"excerpt":{"rendered":"<p>Oceny techniczne &#8211; okre\u015blenie zakresu uszkodze\u0144, kt\u00f3re powsta\u0142y na skutek wypadku lub kolizji , dzi\u0119ki sporz\u0105dzonej do niej kalkulacji programu Audatex i DAT mo\u017ce by\u0107 to baz\u0105 do wyliczenia przez towarzystwo ubezpieczeniowe wysoko\u015bci odszkodowania. R\u00f3wnie\u017c opinie techniczne, w kt\u00f3rych zawarty mo\u017ce by\u0107 dok\u0142adny opis uszkodze\u0144 pojazdu lub jego podzespo\u0142\u00f3w oraz ewentualne podanie lub wykluczenie przyczyny [&hellip;]<\/p>\n","protected":false},"author":1,"featured_media":519,"parent":0,"menu_order":8,"comment_status":"closed","ping_status":"closed","template":"","meta":{"footnotes":""},"class_list":["post-122","page","type-page","status-publish","has-post-thumbnail","hentry"],"aioseo_notices":[],"_links":{"self":[{"href":"https:\/\/grupavertico.pl\/index.php?rest_route=\/wp\/v2\/pages\/122"}],"collection":[{"href":"https:\/\/grupavertico.pl\/index.php?rest_route=\/wp\/v2\/pages"}],"about":[{"href":"https:\/\/grupavertico.pl\/index.php?rest_route=\/wp\/v2\/types\/page"}],"author":[{"embeddable":true,"href":"https:\/\/grupavertico.pl\/index.php?rest_route=\/wp\/v2\/users\/1"}],"replies":[{"embeddable":true,"href":"https:\/\/grupavertico.pl\/index.php?rest_route=%2Fwp%2Fv2%2Fcomments&post=122"}],"version-history":[{"count":4,"href":"https:\/\/grupavertico.pl\/index.php?rest_route=\/wp\/v2\/pages\/122\/revisions"}],"predecessor-version":[{"id":520,"href":"https:\/\/grupavertico.pl\/index.php?rest_route=\/wp\/v2\/pages\/122\/revisions\/520"}],"wp:featuredmedia":[{"embeddable":true,"href":"https:\/\/grupavertico.pl\/index.php?rest_route=\/wp\/v2\/media\/519"}],"wp:attachment":[{"href":"https:\/\/grupavertico.pl\/index.php?rest_route=%2Fwp%2Fv2%2Fmedia&parent=122"}],"curies":[{"name":"wp","href":"https:\/\/api.w.org\/{rel}","templated":true}]}}