{"id":121,"date":"2019-02-20T14:08:30","date_gmt":"2019-02-20T14:08:30","guid":{"rendered":"http:\/\/grupavertico.pl\/?page_id=121"},"modified":"2019-03-27T23:30:25","modified_gmt":"2019-03-27T23:30:25","slug":"ubytek","status":"publish","type":"page","link":"https:\/\/grupavertico.pl\/?page_id=121","title":{"rendered":"Ubytek warto\u015bci handlowej pojazd\u00f3w po kolizji"},"content":{"rendered":"\t\t<div data-elementor-type=\"wp-post\" data-elementor-id=\"121\" class=\"elementor elementor-121\">\n\t\t\t\t\t\t<section class=\"elementor-section elementor-top-section elementor-element elementor-element-369eec2 elementor-section-boxed elementor-section-height-default elementor-section-height-default\" data-id=\"369eec2\" data-element_type=\"section\" data-e-type=\"section\">\n\t\t\t\t\t\t<div class=\"elementor-container elementor-column-gap-default\">\n\t\t\t\t\t<div class=\"elementor-column elementor-col-100 elementor-top-column elementor-element elementor-element-d9f49e8\" data-id=\"d9f49e8\" data-element_type=\"column\" data-e-type=\"column\">\n\t\t\t<div class=\"elementor-widget-wrap elementor-element-populated\">\n\t\t\t\t\t\t<div class=\"elementor-element elementor-element-88fc6ec elementor-widget elementor-widget-text-editor\" data-id=\"88fc6ec\" data-element_type=\"widget\" data-e-type=\"widget\" data-widget_type=\"text-editor.default\">\n\t\t\t\t<div class=\"elementor-widget-container\">\n\t\t\t\t\t\t\t\t\t<p><span style=\"color: #000000;\">PO KOLIZJI POJAZD JU\u017b NIE JEST BEZWYPADKOWY !<\/span><span style=\"color: #000000;\"><br \/><\/span><\/p><p><span style=\"color: #000000;\">W sytuacji, kiedy w kolizji lub wypadku drogowym pojazd zosta\u0142 uszkodzony, a w nast\u0119pstwie tego dosz\u0142o do utraty jego warto\u015bci handlowej, poszkodowany mo\u017ce wyst\u0105pi\u0107 do ubezpieczyciela sprawcy szkody z roszczeniem z tego tytu\u0142u tzn. utraty warto\u015bci handlowej auta. Zgodnie z art. 361 \u00a7 2 k.c., po stronie zobowi\u0105zanego wyst\u0119puje obowi\u0105zek pe\u0142nej kompensaty szkody. Oznacza to, \u017ce kwota odszkodowania zawiera\u0107 powinna zar\u00f3wno koszt naprawy pojazdu jak i kwot\u0119 odzwierciedlaj\u0105c\u0105 utracon\u0105 warto\u015b\u0107 handlow\u0105 pojazdu.<\/span><\/p>\t\t\t\t\t\t\t\t<\/div>\n\t\t\t\t<\/div>\n\t\t\t\t\t<\/div>\n\t\t<\/div>\n\t\t\t\t\t<\/div>\n\t\t<\/section>\n\t\t\t\t<\/div>\n\t\t","protected":false},"excerpt":{"rendered":"<p>PO KOLIZJI POJAZD JU\u017b NIE JEST BEZWYPADKOWY ! W sytuacji, kiedy w kolizji lub wypadku drogowym pojazd zosta\u0142 uszkodzony, a w nast\u0119pstwie tego dosz\u0142o do utraty jego warto\u015bci handlowej, poszkodowany mo\u017ce wyst\u0105pi\u0107 do ubezpieczyciela sprawcy szkody z roszczeniem z tego tytu\u0142u tzn. utraty warto\u015bci handlowej auta. Zgodnie z art. 361 \u00a7 2 k.c., po stronie [&hellip;]<\/p>\n","protected":false},"author":1,"featured_media":517,"parent":0,"menu_order":7,"comment_status":"closed","ping_status":"closed","template":"","meta":{"footnotes":""},"class_list":["post-121","page","type-page","status-publish","has-post-thumbnail","hentry"],"aioseo_notices":[],"_links":{"self":[{"href":"https:\/\/grupavertico.pl\/index.php?rest_route=\/wp\/v2\/pages\/121"}],"collection":[{"href":"https:\/\/grupavertico.pl\/index.php?rest_route=\/wp\/v2\/pages"}],"about":[{"href":"https:\/\/grupavertico.pl\/index.php?rest_route=\/wp\/v2\/types\/page"}],"author":[{"embeddable":true,"href":"https:\/\/grupavertico.pl\/index.php?rest_route=\/wp\/v2\/users\/1"}],"replies":[{"embeddable":true,"href":"https:\/\/grupavertico.pl\/index.php?rest_route=%2Fwp%2Fv2%2Fcomments&post=121"}],"version-history":[{"count":4,"href":"https:\/\/grupavertico.pl\/index.php?rest_route=\/wp\/v2\/pages\/121\/revisions"}],"predecessor-version":[{"id":518,"href":"https:\/\/grupavertico.pl\/index.php?rest_route=\/wp\/v2\/pages\/121\/revisions\/518"}],"wp:featuredmedia":[{"embeddable":true,"href":"https:\/\/grupavertico.pl\/index.php?rest_route=\/wp\/v2\/media\/517"}],"wp:attachment":[{"href":"https:\/\/grupavertico.pl\/index.php?rest_route=%2Fwp%2Fv2%2Fmedia&parent=121"}],"curies":[{"name":"wp","href":"https:\/\/api.w.org\/{rel}","templated":true}]}}