{"id":119,"date":"2019-02-20T14:08:30","date_gmt":"2019-02-20T14:08:30","guid":{"rendered":"http:\/\/grupavertico.pl\/?page_id=119"},"modified":"2019-03-28T15:05:06","modified_gmt":"2019-03-28T15:05:06","slug":"kosztorysowanie","status":"publish","type":"page","link":"https:\/\/grupavertico.pl\/?page_id=119","title":{"rendered":"Kosztorysowanie napraw w systemie DAT i Audatex"},"content":{"rendered":"\t\t<div data-elementor-type=\"wp-post\" data-elementor-id=\"119\" class=\"elementor elementor-119\">\n\t\t\t\t\t\t<section class=\"elementor-section elementor-top-section elementor-element elementor-element-8bf6a71 elementor-section-boxed elementor-section-height-default elementor-section-height-default\" data-id=\"8bf6a71\" data-element_type=\"section\" data-e-type=\"section\">\n\t\t\t\t\t\t<div class=\"elementor-container elementor-column-gap-default\">\n\t\t\t\t\t<div class=\"elementor-column elementor-col-100 elementor-top-column elementor-element elementor-element-fb1f5e9\" data-id=\"fb1f5e9\" data-element_type=\"column\" data-e-type=\"column\">\n\t\t\t<div class=\"elementor-widget-wrap elementor-element-populated\">\n\t\t\t\t\t\t<div class=\"elementor-element elementor-element-a806e3b elementor-widget elementor-widget-text-editor\" data-id=\"a806e3b\" data-element_type=\"widget\" data-e-type=\"widget\" data-widget_type=\"text-editor.default\">\n\t\t\t\t<div class=\"elementor-widget-container\">\n\t\t\t\t\t\t\t\t\t<p><span style=\"color: #000000;\">Kalkulacje Audatex i DAT &#8211; kosztorysowanie napraw pojazd\u00f3w opracowywane w oparciu o system Audatex i DAT oraz ich weryfikacja pod k\u0105tem prawid\u0142owo\u015bci i zgodno\u015bci z opisem uszkodze\u0144 pojazdu.<\/span><\/p>\t\t\t\t\t\t\t\t<\/div>\n\t\t\t\t<\/div>\n\t\t\t\t\t<\/div>\n\t\t<\/div>\n\t\t\t\t\t<\/div>\n\t\t<\/section>\n\t\t\t\t<section class=\"elementor-section elementor-top-section elementor-element elementor-element-6647810 elementor-section-boxed elementor-section-height-default elementor-section-height-default\" data-id=\"6647810\" data-element_type=\"section\" data-e-type=\"section\">\n\t\t\t\t\t\t<div class=\"elementor-container elementor-column-gap-default\">\n\t\t\t\t\t<div class=\"elementor-column elementor-col-50 elementor-top-column elementor-element elementor-element-0f49f06\" data-id=\"0f49f06\" data-element_type=\"column\" data-e-type=\"column\">\n\t\t\t<div class=\"elementor-widget-wrap elementor-element-populated\">\n\t\t\t\t\t\t<div class=\"elementor-element elementor-element-53b0369 elementor-widget elementor-widget-image\" data-id=\"53b0369\" data-element_type=\"widget\" data-e-type=\"widget\" data-widget_type=\"image.default\">\n\t\t\t\t<div class=\"elementor-widget-container\">\n\t\t\t\t\t\t\t\t\t\t\t\t\t\t\t<img fetchpriority=\"high\" decoding=\"async\" width=\"300\" height=\"264\" src=\"https:\/\/grupavertico.pl\/wp-content\/uploads\/2019\/03\/image3-300x264.png\" class=\"attachment-medium size-medium wp-image-157\" alt=\"\" srcset=\"https:\/\/grupavertico.pl\/wp-content\/uploads\/2019\/03\/image3-300x264.png 300w, https:\/\/grupavertico.pl\/wp-content\/uploads\/2019\/03\/image3.png 494w\" sizes=\"(max-width: 300px) 100vw, 300px\" \/>\t\t\t\t\t\t\t\t\t\t\t\t\t\t\t<\/div>\n\t\t\t\t<\/div>\n\t\t\t\t\t<\/div>\n\t\t<\/div>\n\t\t\t\t<div class=\"elementor-column elementor-col-50 elementor-top-column elementor-element elementor-element-ed93d16\" data-id=\"ed93d16\" data-element_type=\"column\" data-e-type=\"column\">\n\t\t\t<div class=\"elementor-widget-wrap elementor-element-populated\">\n\t\t\t\t\t\t<div class=\"elementor-element elementor-element-f5bc374 elementor-widget elementor-widget-image\" data-id=\"f5bc374\" data-element_type=\"widget\" data-e-type=\"widget\" data-widget_type=\"image.default\">\n\t\t\t\t<div class=\"elementor-widget-container\">\n\t\t\t\t\t\t\t\t\t\t\t\t\t\t\t<img decoding=\"async\" width=\"300\" height=\"246\" data-src=\"https:\/\/grupavertico.pl\/wp-content\/uploads\/2019\/03\/verti-300x246.png\" class=\"attachment-medium size-medium wp-image-156 lazyload\" alt=\"\" data-srcset=\"https:\/\/grupavertico.pl\/wp-content\/uploads\/2019\/03\/verti-300x246.png 300w, https:\/\/grupavertico.pl\/wp-content\/uploads\/2019\/03\/verti.png 360w\" data-sizes=\"(max-width: 300px) 100vw, 300px\" src=\"data:image\/svg+xml;base64,PHN2ZyB3aWR0aD0iMSIgaGVpZ2h0PSIxIiB4bWxucz0iaHR0cDovL3d3dy53My5vcmcvMjAwMC9zdmciPjwvc3ZnPg==\" style=\"--smush-placeholder-width: 300px; --smush-placeholder-aspect-ratio: 300\/246;\" \/>\t\t\t\t\t\t\t\t\t\t\t\t\t\t\t<\/div>\n\t\t\t\t<\/div>\n\t\t\t\t\t<\/div>\n\t\t<\/div>\n\t\t\t\t\t<\/div>\n\t\t<\/section>\n\t\t\t\t<section class=\"elementor-section elementor-top-section elementor-element elementor-element-70f353d elementor-section-boxed elementor-section-height-default elementor-section-height-default\" data-id=\"70f353d\" data-element_type=\"section\" data-e-type=\"section\">\n\t\t\t\t\t\t<div class=\"elementor-container elementor-column-gap-default\">\n\t\t\t\t\t<div class=\"elementor-column elementor-col-100 elementor-top-column elementor-element elementor-element-270e030\" data-id=\"270e030\" data-element_type=\"column\" data-e-type=\"column\">\n\t\t\t<div class=\"elementor-widget-wrap elementor-element-populated\">\n\t\t\t\t\t\t<div class=\"elementor-element elementor-element-073d34a elementor-widget elementor-widget-text-editor\" data-id=\"073d34a\" data-element_type=\"widget\" data-e-type=\"widget\" data-widget_type=\"text-editor.default\">\n\t\t\t\t<div class=\"elementor-widget-container\">\n\t\t\t\t\t\t\t\t\t<p><span style=\"color: #000000;\">W\u0142a\u015bciwe okre\u015blenie kosztu naprawy pojazdu zgodnie z procesami technologicznymi zalecanymi przez producent\u00f3w jest podstaw\u0105 do rozliczenia si\u0119 z ubezpieczycielem, kt\u00f3ry zobowi\u0105zany jest do wyp\u0142aty odszkodowania. Poprawne wyliczenie koszt\u00f3w naprawy po kolizji lub po wypadku ma ogromne znaczenie przy ustaleniu odszkodowania. Przy pomocy odpowiednich program\u00f3w komputerowych nasi eksperci wyliczaj\u0105 koszty napraw nie tylko dla samochod\u00f3w osobowych ale tak\u017ce dla motocykli, samochod\u00f3w ci\u0119\u017carowych i autobus\u00f3w.<\/span><\/p>\t\t\t\t\t\t\t\t<\/div>\n\t\t\t\t<\/div>\n\t\t\t\t\t<\/div>\n\t\t<\/div>\n\t\t\t\t\t<\/div>\n\t\t<\/section>\n\t\t\t\t<\/div>\n\t\t","protected":false},"excerpt":{"rendered":"<p>Kalkulacje Audatex i DAT &#8211; kosztorysowanie napraw pojazd\u00f3w opracowywane w oparciu o system Audatex i DAT oraz ich weryfikacja pod k\u0105tem prawid\u0142owo\u015bci i zgodno\u015bci z opisem uszkodze\u0144 pojazdu. W\u0142a\u015bciwe okre\u015blenie kosztu naprawy pojazdu zgodnie z procesami technologicznymi zalecanymi przez producent\u00f3w jest podstaw\u0105 do rozliczenia si\u0119 z ubezpieczycielem, kt\u00f3ry zobowi\u0105zany jest do wyp\u0142aty odszkodowania. Poprawne wyliczenie [&hellip;]<\/p>\n","protected":false},"author":1,"featured_media":509,"parent":0,"menu_order":5,"comment_status":"closed","ping_status":"closed","template":"","meta":{"footnotes":""},"class_list":["post-119","page","type-page","status-publish","has-post-thumbnail","hentry"],"aioseo_notices":[],"_links":{"self":[{"href":"https:\/\/grupavertico.pl\/index.php?rest_route=\/wp\/v2\/pages\/119"}],"collection":[{"href":"https:\/\/grupavertico.pl\/index.php?rest_route=\/wp\/v2\/pages"}],"about":[{"href":"https:\/\/grupavertico.pl\/index.php?rest_route=\/wp\/v2\/types\/page"}],"author":[{"embeddable":true,"href":"https:\/\/grupavertico.pl\/index.php?rest_route=\/wp\/v2\/users\/1"}],"replies":[{"embeddable":true,"href":"https:\/\/grupavertico.pl\/index.php?rest_route=%2Fwp%2Fv2%2Fcomments&post=119"}],"version-history":[{"count":9,"href":"https:\/\/grupavertico.pl\/index.php?rest_route=\/wp\/v2\/pages\/119\/revisions"}],"predecessor-version":[{"id":561,"href":"https:\/\/grupavertico.pl\/index.php?rest_route=\/wp\/v2\/pages\/119\/revisions\/561"}],"wp:featuredmedia":[{"embeddable":true,"href":"https:\/\/grupavertico.pl\/index.php?rest_route=\/wp\/v2\/media\/509"}],"wp:attachment":[{"href":"https:\/\/grupavertico.pl\/index.php?rest_route=%2Fwp%2Fv2%2Fmedia&parent=119"}],"curies":[{"name":"wp","href":"https:\/\/api.w.org\/{rel}","templated":true}]}}